{"id":48,"date":"2018-10-10T15:02:39","date_gmt":"2018-10-10T12:02:39","guid":{"rendered":"http:\/\/knownow.fi\/?page_id=48"},"modified":"2022-10-01T09:55:22","modified_gmt":"2022-10-01T06:55:22","slug":"ota-yhteytta","status":"publish","type":"page","link":"https:\/\/knownow.fi\/en\/ota-yhteytta\/","title":{"rendered":"CONTACT US"},"content":{"rendered":"<p><strong>Knowoy Oy <\/strong><\/p>\n<p>Sysm\u00e4l\u00e4nper\u00e4 11<\/p>\n<p>40530 Jyv\u00e4skyl\u00e4<\/p>\n<p>Finland<\/p>\n<p>Puh. <a href=\"tel:050-3448235\">050-3448235<\/a><\/p>","protected":false},"excerpt":{"rendered":"<p>Knowoy Oy Sysm\u00e4l\u00e4nper\u00e4 11 40530 Jyv\u00e4skyl\u00e4 Finland Puh. 050-3448235<\/p>","protected":false},"author":2,"featured_media":0,"parent":0,"menu_order":0,"comment_status":"closed","ping_status":"closed","template":"page-contact.php","meta":[],"acf":[],"yoast_head":"<!-- This site is optimized with the Yoast SEO plugin v20.4 - https:\/\/yoast.com\/wordpress\/plugins\/seo\/ -->\n<title>Ota yhteytt\u00e4 - KnowNow<\/title>\n<meta name=\"robots\" content=\"index, follow, max-snippet:-1, max-image-preview:large, max-video-preview:-1\" \/>\n<link rel=\"canonical\" href=\"https:\/\/knownow.fi\/en\/ota-yhteytta\/\" \/>\n<meta property=\"og:locale\" content=\"en_GB\" \/>\n<meta property=\"og:type\" content=\"article\" \/>\n<meta property=\"og:title\" content=\"Ota yhteytt\u00e4 - KnowNow\" \/>\n<meta property=\"og:description\" content=\"Knowoy Oy Sysm\u00e4l\u00e4nper\u00e4 11 40530 Jyv\u00e4skyl\u00e4 Finland Puh. 050-3448235\" \/>\n<meta property=\"og:url\" content=\"https:\/\/knownow.fi\/en\/ota-yhteytta\/\" \/>\n<meta property=\"og:site_name\" content=\"KnowNow\" \/>\n<meta property=\"article:modified_time\" content=\"2022-10-01T06:55:22+00:00\" \/>\n<meta name=\"twitter:card\" content=\"summary_large_image\" \/>\n<meta name=\"twitter:label1\" content=\"Estimated reading time\" \/>\n\t<meta name=\"twitter:data1\" content=\"1 minute\" \/>\n<script type=\"application\/ld+json\" class=\"yoast-schema-graph\">{\"@context\":\"https:\/\/schema.org\",\"@graph\":[{\"@type\":\"WebPage\",\"@id\":\"https:\/\/knownow.fi\/ota-yhteytta\/\",\"url\":\"https:\/\/knownow.fi\/ota-yhteytta\/\",\"name\":\"Ota yhteytt\u00e4 - KnowNow\",\"isPartOf\":{\"@id\":\"https:\/\/knownow.fi\/#website\"},\"datePublished\":\"2018-10-10T12:02:39+00:00\",\"dateModified\":\"2022-10-01T06:55:22+00:00\",\"breadcrumb\":{\"@id\":\"https:\/\/knownow.fi\/ota-yhteytta\/#breadcrumb\"},\"inLanguage\":\"en-GB\",\"potentialAction\":[{\"@type\":\"ReadAction\",\"target\":[\"https:\/\/knownow.fi\/ota-yhteytta\/\"]}]},{\"@type\":\"BreadcrumbList\",\"@id\":\"https:\/\/knownow.fi\/ota-yhteytta\/#breadcrumb\",\"itemListElement\":[{\"@type\":\"ListItem\",\"position\":1,\"name\":\"Etusivu\",\"item\":\"https:\/\/knownow.fi\/\"},{\"@type\":\"ListItem\",\"position\":2,\"name\":\"Ota yhteytt\u00e4\"}]},{\"@type\":\"WebSite\",\"@id\":\"https:\/\/knownow.fi\/#website\",\"url\":\"https:\/\/knownow.fi\/\",\"name\":\"KnowNow\",\"description\":\"KnowNow-hyvinvointipalvelu - hyvinvoinnin koulutusta, mittausta, valmennusta\",\"potentialAction\":[{\"@type\":\"SearchAction\",\"target\":{\"@type\":\"EntryPoint\",\"urlTemplate\":\"https:\/\/knownow.fi\/?s={search_term_string}\"},\"query-input\":\"required name=search_term_string\"}],\"inLanguage\":\"en-GB\"}]}<\/script>\n<!-- \/ Yoast SEO plugin. -->","yoast_head_json":{"title":"Ota yhteytt\u00e4 - KnowNow","robots":{"index":"index","follow":"follow","max-snippet":"max-snippet:-1","max-image-preview":"max-image-preview:large","max-video-preview":"max-video-preview:-1"},"canonical":"https:\/\/knownow.fi\/en\/ota-yhteytta\/","og_locale":"en_GB","og_type":"article","og_title":"Ota yhteytt\u00e4 - KnowNow","og_description":"Knowoy Oy Sysm\u00e4l\u00e4nper\u00e4 11 40530 Jyv\u00e4skyl\u00e4 Finland Puh. 050-3448235","og_url":"https:\/\/knownow.fi\/en\/ota-yhteytta\/","og_site_name":"KnowNow","article_modified_time":"2022-10-01T06:55:22+00:00","twitter_card":"summary_large_image","twitter_misc":{"Estimated reading time":"1 minute"},"schema":{"@context":"https:\/\/schema.org","@graph":[{"@type":"WebPage","@id":"https:\/\/knownow.fi\/ota-yhteytta\/","url":"https:\/\/knownow.fi\/ota-yhteytta\/","name":"Ota yhteytt\u00e4 - KnowNow","isPartOf":{"@id":"https:\/\/knownow.fi\/#website"},"datePublished":"2018-10-10T12:02:39+00:00","dateModified":"2022-10-01T06:55:22+00:00","breadcrumb":{"@id":"https:\/\/knownow.fi\/ota-yhteytta\/#breadcrumb"},"inLanguage":"en-GB","potentialAction":[{"@type":"ReadAction","target":["https:\/\/knownow.fi\/ota-yhteytta\/"]}]},{"@type":"BreadcrumbList","@id":"https:\/\/knownow.fi\/ota-yhteytta\/#breadcrumb","itemListElement":[{"@type":"ListItem","position":1,"name":"Etusivu","item":"https:\/\/knownow.fi\/"},{"@type":"ListItem","position":2,"name":"Ota yhteytt\u00e4"}]},{"@type":"WebSite","@id":"https:\/\/knownow.fi\/#website","url":"https:\/\/knownow.fi\/","name":"KnowNow","description":"KnowNow-hyvinvointipalvelu - hyvinvoinnin koulutusta, mittausta, valmennusta","potentialAction":[{"@type":"SearchAction","target":{"@type":"EntryPoint","urlTemplate":"https:\/\/knownow.fi\/?s={search_term_string}"},"query-input":"required name=search_term_string"}],"inLanguage":"en-GB"}]}},"_links":{"self":[{"href":"https:\/\/knownow.fi\/en\/wp-json\/wp\/v2\/pages\/48"}],"collection":[{"href":"https:\/\/knownow.fi\/en\/wp-json\/wp\/v2\/pages"}],"about":[{"href":"https:\/\/knownow.fi\/en\/wp-json\/wp\/v2\/types\/page"}],"author":[{"embeddable":true,"href":"https:\/\/knownow.fi\/en\/wp-json\/wp\/v2\/users\/2"}],"replies":[{"embeddable":true,"href":"https:\/\/knownow.fi\/en\/wp-json\/wp\/v2\/comments?post=48"}],"version-history":[{"count":5,"href":"https:\/\/knownow.fi\/en\/wp-json\/wp\/v2\/pages\/48\/revisions"}],"predecessor-version":[{"id":533,"href":"https:\/\/knownow.fi\/en\/wp-json\/wp\/v2\/pages\/48\/revisions\/533"}],"wp:attachment":[{"href":"https:\/\/knownow.fi\/en\/wp-json\/wp\/v2\/media?parent=48"}],"curies":[{"name":"wp","href":"https:\/\/api.w.org\/{rel}","templated":true}]}}