{"id":298,"date":"2018-11-12T13:44:16","date_gmt":"2018-11-12T11:44:16","guid":{"rendered":"http:\/\/knownow.fi\/?page_id=298"},"modified":"2018-11-12T13:44:16","modified_gmt":"2018-11-12T11:44:16","slug":"tutkimukset","status":"publish","type":"page","link":"https:\/\/knownow.fi\/en\/tutkimukset\/","title":{"rendered":"Tutkimukset"},"content":{"rendered":"<p>T\u00e4h\u00e4n sis\u00e4lt\u00f6\u00e4.<\/p>","protected":false},"excerpt":{"rendered":"<p>T\u00e4h\u00e4n sis\u00e4lt\u00f6\u00e4.<\/p>","protected":false},"author":2,"featured_media":0,"parent":0,"menu_order":0,"comment_status":"closed","ping_status":"closed","template":"","meta":[],"acf":[],"yoast_head":"<!-- This site is optimized with the Yoast SEO plugin v20.4 - https:\/\/yoast.com\/wordpress\/plugins\/seo\/ -->\n<title>Tutkimukset - KnowNow<\/title>\n<meta name=\"robots\" content=\"index, follow, max-snippet:-1, max-image-preview:large, max-video-preview:-1\" \/>\n<link rel=\"canonical\" href=\"https:\/\/knownow.fi\/en\/tutkimukset\/\" \/>\n<meta property=\"og:locale\" content=\"en_GB\" \/>\n<meta property=\"og:type\" content=\"article\" \/>\n<meta property=\"og:title\" content=\"Tutkimukset - KnowNow\" \/>\n<meta property=\"og:description\" content=\"T\u00e4h\u00e4n sis\u00e4lt\u00f6\u00e4.\" \/>\n<meta property=\"og:url\" content=\"https:\/\/knownow.fi\/en\/tutkimukset\/\" \/>\n<meta property=\"og:site_name\" content=\"KnowNow\" \/>\n<meta name=\"twitter:card\" content=\"summary_large_image\" \/>\n<script type=\"application\/ld+json\" class=\"yoast-schema-graph\">{\"@context\":\"https:\/\/schema.org\",\"@graph\":[{\"@type\":\"WebPage\",\"@id\":\"https:\/\/knownow.fi\/tutkimukset\/\",\"url\":\"https:\/\/knownow.fi\/tutkimukset\/\",\"name\":\"Tutkimukset - KnowNow\",\"isPartOf\":{\"@id\":\"https:\/\/knownow.fi\/#website\"},\"datePublished\":\"2018-11-12T11:44:16+00:00\",\"dateModified\":\"2018-11-12T11:44:16+00:00\",\"breadcrumb\":{\"@id\":\"https:\/\/knownow.fi\/tutkimukset\/#breadcrumb\"},\"inLanguage\":\"en-GB\",\"potentialAction\":[{\"@type\":\"ReadAction\",\"target\":[\"https:\/\/knownow.fi\/tutkimukset\/\"]}]},{\"@type\":\"BreadcrumbList\",\"@id\":\"https:\/\/knownow.fi\/tutkimukset\/#breadcrumb\",\"itemListElement\":[{\"@type\":\"ListItem\",\"position\":1,\"name\":\"Etusivu\",\"item\":\"https:\/\/knownow.fi\/\"},{\"@type\":\"ListItem\",\"position\":2,\"name\":\"Tutkimukset\"}]},{\"@type\":\"WebSite\",\"@id\":\"https:\/\/knownow.fi\/#website\",\"url\":\"https:\/\/knownow.fi\/\",\"name\":\"KnowNow\",\"description\":\"KnowNow-hyvinvointipalvelu - hyvinvoinnin koulutusta, mittausta, valmennusta\",\"potentialAction\":[{\"@type\":\"SearchAction\",\"target\":{\"@type\":\"EntryPoint\",\"urlTemplate\":\"https:\/\/knownow.fi\/?s={search_term_string}\"},\"query-input\":\"required name=search_term_string\"}],\"inLanguage\":\"en-GB\"}]}<\/script>\n<!-- \/ Yoast SEO plugin. -->","yoast_head_json":{"title":"Tutkimukset - KnowNow","robots":{"index":"index","follow":"follow","max-snippet":"max-snippet:-1","max-image-preview":"max-image-preview:large","max-video-preview":"max-video-preview:-1"},"canonical":"https:\/\/knownow.fi\/en\/tutkimukset\/","og_locale":"en_GB","og_type":"article","og_title":"Tutkimukset - KnowNow","og_description":"T\u00e4h\u00e4n sis\u00e4lt\u00f6\u00e4.","og_url":"https:\/\/knownow.fi\/en\/tutkimukset\/","og_site_name":"KnowNow","twitter_card":"summary_large_image","schema":{"@context":"https:\/\/schema.org","@graph":[{"@type":"WebPage","@id":"https:\/\/knownow.fi\/tutkimukset\/","url":"https:\/\/knownow.fi\/tutkimukset\/","name":"Tutkimukset - KnowNow","isPartOf":{"@id":"https:\/\/knownow.fi\/#website"},"datePublished":"2018-11-12T11:44:16+00:00","dateModified":"2018-11-12T11:44:16+00:00","breadcrumb":{"@id":"https:\/\/knownow.fi\/tutkimukset\/#breadcrumb"},"inLanguage":"en-GB","potentialAction":[{"@type":"ReadAction","target":["https:\/\/knownow.fi\/tutkimukset\/"]}]},{"@type":"BreadcrumbList","@id":"https:\/\/knownow.fi\/tutkimukset\/#breadcrumb","itemListElement":[{"@type":"ListItem","position":1,"name":"Etusivu","item":"https:\/\/knownow.fi\/"},{"@type":"ListItem","position":2,"name":"Tutkimukset"}]},{"@type":"WebSite","@id":"https:\/\/knownow.fi\/#website","url":"https:\/\/knownow.fi\/","name":"KnowNow","description":"KnowNow-hyvinvointipalvelu - hyvinvoinnin koulutusta, mittausta, valmennusta","potentialAction":[{"@type":"SearchAction","target":{"@type":"EntryPoint","urlTemplate":"https:\/\/knownow.fi\/?s={search_term_string}"},"query-input":"required name=search_term_string"}],"inLanguage":"en-GB"}]}},"_links":{"self":[{"href":"https:\/\/knownow.fi\/en\/wp-json\/wp\/v2\/pages\/298"}],"collection":[{"href":"https:\/\/knownow.fi\/en\/wp-json\/wp\/v2\/pages"}],"about":[{"href":"https:\/\/knownow.fi\/en\/wp-json\/wp\/v2\/types\/page"}],"author":[{"embeddable":true,"href":"https:\/\/knownow.fi\/en\/wp-json\/wp\/v2\/users\/2"}],"replies":[{"embeddable":true,"href":"https:\/\/knownow.fi\/en\/wp-json\/wp\/v2\/comments?post=298"}],"version-history":[{"count":1,"href":"https:\/\/knownow.fi\/en\/wp-json\/wp\/v2\/pages\/298\/revisions"}],"predecessor-version":[{"id":299,"href":"https:\/\/knownow.fi\/en\/wp-json\/wp\/v2\/pages\/298\/revisions\/299"}],"wp:attachment":[{"href":"https:\/\/knownow.fi\/en\/wp-json\/wp\/v2\/media?parent=298"}],"curies":[{"name":"wp","href":"https:\/\/api.w.org\/{rel}","templated":true}]}}