{"id":226,"date":"2018-11-07T10:31:31","date_gmt":"2018-11-07T08:31:31","guid":{"rendered":"http:\/\/knownow.fi\/?page_id=226"},"modified":"2018-11-07T10:31:31","modified_gmt":"2018-11-07T08:31:31","slug":"kiitos-materiaalin-tilauksesta","status":"publish","type":"page","link":"https:\/\/knownow.fi\/en\/hyvinvoinnin-avaimet\/kiitos-materiaalin-tilauksesta\/","title":{"rendered":"Kiitos materiaalin tilauksesta"},"content":{"rendered":"<p style=\"text-align: center;\">Olemme l\u00e4hett\u00e4neet materiaalin antamaasi s\u00e4hk\u00f6postiosoitteeseen. Mik\u00e4li viesti\u00e4 ei n\u00e4y, muista tarkastaa roskapostikansio.<\/p>","protected":false},"excerpt":{"rendered":"<p>Olemme l\u00e4hett\u00e4neet materiaalin antamaasi s\u00e4hk\u00f6postiosoitteeseen. Mik\u00e4li viesti\u00e4 ei n\u00e4y, muista tarkastaa roskapostikansio.<\/p>","protected":false},"author":2,"featured_media":0,"parent":44,"menu_order":0,"comment_status":"closed","ping_status":"closed","template":"","meta":[],"acf":[],"yoast_head":"<!-- This site is optimized with the Yoast SEO plugin v20.4 - https:\/\/yoast.com\/wordpress\/plugins\/seo\/ -->\n<title>Kiitos materiaalin tilauksesta - KnowNow<\/title>\n<meta name=\"robots\" content=\"index, follow, max-snippet:-1, max-image-preview:large, max-video-preview:-1\" \/>\n<link rel=\"canonical\" href=\"https:\/\/knownow.fi\/en\/hyvinvoinnin-avaimet\/kiitos-materiaalin-tilauksesta\/\" \/>\n<meta property=\"og:locale\" content=\"en_GB\" \/>\n<meta property=\"og:type\" content=\"article\" \/>\n<meta property=\"og:title\" content=\"Kiitos materiaalin tilauksesta - KnowNow\" \/>\n<meta property=\"og:description\" content=\"Olemme l\u00e4hett\u00e4neet materiaalin antamaasi s\u00e4hk\u00f6postiosoitteeseen. Mik\u00e4li viesti\u00e4 ei n\u00e4y, muista tarkastaa roskapostikansio.\" \/>\n<meta property=\"og:url\" content=\"https:\/\/knownow.fi\/en\/hyvinvoinnin-avaimet\/kiitos-materiaalin-tilauksesta\/\" \/>\n<meta property=\"og:site_name\" content=\"KnowNow\" \/>\n<meta name=\"twitter:card\" content=\"summary_large_image\" \/>\n<script type=\"application\/ld+json\" class=\"yoast-schema-graph\">{\"@context\":\"https:\/\/schema.org\",\"@graph\":[{\"@type\":\"WebPage\",\"@id\":\"https:\/\/knownow.fi\/hyvinvoinnin-avaimet\/kiitos-materiaalin-tilauksesta\/\",\"url\":\"https:\/\/knownow.fi\/hyvinvoinnin-avaimet\/kiitos-materiaalin-tilauksesta\/\",\"name\":\"Kiitos materiaalin tilauksesta - KnowNow\",\"isPartOf\":{\"@id\":\"https:\/\/knownow.fi\/#website\"},\"datePublished\":\"2018-11-07T08:31:31+00:00\",\"dateModified\":\"2018-11-07T08:31:31+00:00\",\"breadcrumb\":{\"@id\":\"https:\/\/knownow.fi\/hyvinvoinnin-avaimet\/kiitos-materiaalin-tilauksesta\/#breadcrumb\"},\"inLanguage\":\"en-GB\",\"potentialAction\":[{\"@type\":\"ReadAction\",\"target\":[\"https:\/\/knownow.fi\/hyvinvoinnin-avaimet\/kiitos-materiaalin-tilauksesta\/\"]}]},{\"@type\":\"BreadcrumbList\",\"@id\":\"https:\/\/knownow.fi\/hyvinvoinnin-avaimet\/kiitos-materiaalin-tilauksesta\/#breadcrumb\",\"itemListElement\":[{\"@type\":\"ListItem\",\"position\":1,\"name\":\"Etusivu\",\"item\":\"https:\/\/knownow.fi\/\"},{\"@type\":\"ListItem\",\"position\":2,\"name\":\"Hyvinvoinnin avaimet\",\"item\":\"https:\/\/knownow.fi\/hyvinvoinnin-avaimet\/\"},{\"@type\":\"ListItem\",\"position\":3,\"name\":\"Kiitos materiaalin tilauksesta\"}]},{\"@type\":\"WebSite\",\"@id\":\"https:\/\/knownow.fi\/#website\",\"url\":\"https:\/\/knownow.fi\/\",\"name\":\"KnowNow\",\"description\":\"KnowNow-hyvinvointipalvelu - hyvinvoinnin koulutusta, mittausta, valmennusta\",\"potentialAction\":[{\"@type\":\"SearchAction\",\"target\":{\"@type\":\"EntryPoint\",\"urlTemplate\":\"https:\/\/knownow.fi\/?s={search_term_string}\"},\"query-input\":\"required name=search_term_string\"}],\"inLanguage\":\"en-GB\"}]}<\/script>\n<!-- \/ Yoast SEO plugin. -->","yoast_head_json":{"title":"Kiitos materiaalin tilauksesta - KnowNow","robots":{"index":"index","follow":"follow","max-snippet":"max-snippet:-1","max-image-preview":"max-image-preview:large","max-video-preview":"max-video-preview:-1"},"canonical":"https:\/\/knownow.fi\/en\/hyvinvoinnin-avaimet\/kiitos-materiaalin-tilauksesta\/","og_locale":"en_GB","og_type":"article","og_title":"Kiitos materiaalin tilauksesta - KnowNow","og_description":"Olemme l\u00e4hett\u00e4neet materiaalin antamaasi s\u00e4hk\u00f6postiosoitteeseen. Mik\u00e4li viesti\u00e4 ei n\u00e4y, muista tarkastaa roskapostikansio.","og_url":"https:\/\/knownow.fi\/en\/hyvinvoinnin-avaimet\/kiitos-materiaalin-tilauksesta\/","og_site_name":"KnowNow","twitter_card":"summary_large_image","schema":{"@context":"https:\/\/schema.org","@graph":[{"@type":"WebPage","@id":"https:\/\/knownow.fi\/hyvinvoinnin-avaimet\/kiitos-materiaalin-tilauksesta\/","url":"https:\/\/knownow.fi\/hyvinvoinnin-avaimet\/kiitos-materiaalin-tilauksesta\/","name":"Kiitos materiaalin tilauksesta - KnowNow","isPartOf":{"@id":"https:\/\/knownow.fi\/#website"},"datePublished":"2018-11-07T08:31:31+00:00","dateModified":"2018-11-07T08:31:31+00:00","breadcrumb":{"@id":"https:\/\/knownow.fi\/hyvinvoinnin-avaimet\/kiitos-materiaalin-tilauksesta\/#breadcrumb"},"inLanguage":"en-GB","potentialAction":[{"@type":"ReadAction","target":["https:\/\/knownow.fi\/hyvinvoinnin-avaimet\/kiitos-materiaalin-tilauksesta\/"]}]},{"@type":"BreadcrumbList","@id":"https:\/\/knownow.fi\/hyvinvoinnin-avaimet\/kiitos-materiaalin-tilauksesta\/#breadcrumb","itemListElement":[{"@type":"ListItem","position":1,"name":"Etusivu","item":"https:\/\/knownow.fi\/"},{"@type":"ListItem","position":2,"name":"Hyvinvoinnin avaimet","item":"https:\/\/knownow.fi\/hyvinvoinnin-avaimet\/"},{"@type":"ListItem","position":3,"name":"Kiitos materiaalin tilauksesta"}]},{"@type":"WebSite","@id":"https:\/\/knownow.fi\/#website","url":"https:\/\/knownow.fi\/","name":"KnowNow","description":"KnowNow-hyvinvointipalvelu - hyvinvoinnin koulutusta, mittausta, valmennusta","potentialAction":[{"@type":"SearchAction","target":{"@type":"EntryPoint","urlTemplate":"https:\/\/knownow.fi\/?s={search_term_string}"},"query-input":"required name=search_term_string"}],"inLanguage":"en-GB"}]}},"_links":{"self":[{"href":"https:\/\/knownow.fi\/en\/wp-json\/wp\/v2\/pages\/226"}],"collection":[{"href":"https:\/\/knownow.fi\/en\/wp-json\/wp\/v2\/pages"}],"about":[{"href":"https:\/\/knownow.fi\/en\/wp-json\/wp\/v2\/types\/page"}],"author":[{"embeddable":true,"href":"https:\/\/knownow.fi\/en\/wp-json\/wp\/v2\/users\/2"}],"replies":[{"embeddable":true,"href":"https:\/\/knownow.fi\/en\/wp-json\/wp\/v2\/comments?post=226"}],"version-history":[{"count":1,"href":"https:\/\/knownow.fi\/en\/wp-json\/wp\/v2\/pages\/226\/revisions"}],"predecessor-version":[{"id":227,"href":"https:\/\/knownow.fi\/en\/wp-json\/wp\/v2\/pages\/226\/revisions\/227"}],"up":[{"embeddable":true,"href":"https:\/\/knownow.fi\/en\/wp-json\/wp\/v2\/pages\/44"}],"wp:attachment":[{"href":"https:\/\/knownow.fi\/en\/wp-json\/wp\/v2\/media?parent=226"}],"curies":[{"name":"wp","href":"https:\/\/api.w.org\/{rel}","templated":true}]}}