{"id":137,"date":"2018-10-23T11:45:44","date_gmt":"2018-10-23T08:45:44","guid":{"rendered":"http:\/\/knownow.fi\/?page_id=137"},"modified":"2019-07-01T11:07:57","modified_gmt":"2019-07-01T08:07:57","slug":"palvelukuvaus","status":"publish","type":"page","link":"https:\/\/knownow.fi\/en\/palvelukuvaus\/","title":{"rendered":"Service Description"},"content":{"rendered":"<h2>1. Training<\/h2>\n<p>One or more of the school\u2019s teacher(s) or other school personnel completes the KnowNow-training that grants the KnowNow-license. The duration of the training is one to two days.<\/p>\n<h2>2. Contact person<\/h2>\n<p>The school will choose the KnowNow-contact person(s) that are familiarized\/introduced into KnowNow-wellbeing key\u2019s pedagogical principles, measuring devices, and use of the mobile application. The KnowNow-training gives the readiness to apply the concept in one\u2019s school.<\/p>\n<h2>3. Certificate<\/h2>\n<p>The schools that carry out\/implement the KnowNow-program are awarded the KnowNow-wellbeing certificate. The certificate functions as a measurable testimony of the reality that the certified school regularly assesses student wellbeing. Therefore, the certificate transmits security toward the homes that the students are in good hands and encourages the collaboration between the homes and the school. Wellbeing has an attested impact on academic success, desirable working conditions (discipline problems in the classroom), school motivation, behavioral issues, and learning results.<wbr \/>hyvinvointisertifikaatti. Sertifikaatti toimii kodin ja koulun yhteisty\u00f6ss\u00e4 kotien suuntaan mitattuna todistuksena siit\u00e4, ett\u00e4 koulu arvioi s\u00e4\u00e4nn\u00f6llisesti oppilaiden hyvinvointia. Hyvinvointi on todistetusti suorassa yhteydess\u00e4 koulumenestykseen, ty\u00f6hyvinvointiin (ty\u00f6rauhaongelmiin), motivaatioon, k\u00e4ytt\u00e4ytymiseen ja oppimistuloksiin.<\/p>\n<h2>4. Equipment<\/h2>\n<p>The equipment needed for KnowNow-wellbeing measurements is avalaible for rent. Hence, the school need not acquire any new technology or worry about servicing the equipment. The measuring devices and tablets show teachers real-time information on the advancement of wellbeing.<\/p>\n<h2>5. Shipping and return of the equipment<\/h2>\n<p>All the equipment is delivered to schools via transport boxes. Each box contains 30 numbered measuring devices and one tablet with instructions. The equipment is returned after the expiration of the rental agreement using the original transport boxes.<\/p>\n<h2>6. Monitoring of the measurement results<\/h2>\n<p>The results are visible via the mobile app in real-time, and their interpretation is simple. The contact teacher will help with the analysis. Also, the technical support of the KnowNow will be available for assistance.<\/p>","protected":false},"excerpt":{"rendered":"<p>1. Koulutus Koulusta yksi tai useampi opettaja tai henkil\u00f6kuntaan kuuluva suorittaa KnowNow-koulutuksen, josta h\u00e4nelle my\u00f6nnet\u00e4\u00e4n KnowNow-lisenssi. Koulutus kest\u00e4\u00e4 yksi &#8211; kaksi p\u00e4iv\u00e4\u00e4. 2. Yhteyshenkil\u00f6 Koulusta valittu tai valitut KnowNow-yhteyshenkil\u00f6t perehdytet\u00e4\u00e4n KnowNow-hyvintointiavaimen pedagogisiin perusteisiin, mittareihin ja mobiilisovelluksen k\u00e4ytt\u00f6\u00f6n. Koulutus antaa hyv\u00e4t ev\u00e4\u00e4t soveltaa konseptia omassa koulussa. 3. Sertifiointi Kouluille, jotka toteuttavat KnowNow-ohjelmaa koko koululle my\u00f6nnet\u00e4\u00e4n KnowNow-hyvinvointisertifikaatti. [&hellip;]<\/p>\n","protected":false},"author":2,"featured_media":0,"parent":0,"menu_order":0,"comment_status":"closed","ping_status":"closed","template":"page-narrow-content.php","meta":[],"acf":[],"yoast_head":"<!-- This site is optimized with the Yoast SEO plugin v20.4 - https:\/\/yoast.com\/wordpress\/plugins\/seo\/ -->\n<title>Palvelukuvaus - KnowNow<\/title>\n<meta name=\"robots\" content=\"index, follow, max-snippet:-1, max-image-preview:large, max-video-preview:-1\" \/>\n<link rel=\"canonical\" href=\"https:\/\/knownow.fi\/en\/palvelukuvaus\/\" \/>\n<meta property=\"og:locale\" content=\"en_GB\" \/>\n<meta property=\"og:type\" content=\"article\" \/>\n<meta property=\"og:title\" content=\"Palvelukuvaus - KnowNow\" \/>\n<meta property=\"og:description\" content=\"1. Koulutus Koulusta yksi tai useampi opettaja tai henkil\u00f6kuntaan kuuluva suorittaa KnowNow-koulutuksen, josta h\u00e4nelle my\u00f6nnet\u00e4\u00e4n KnowNow-lisenssi. Koulutus kest\u00e4\u00e4 yksi &#8211; kaksi p\u00e4iv\u00e4\u00e4. 2. Yhteyshenkil\u00f6 Koulusta valittu tai valitut KnowNow-yhteyshenkil\u00f6t perehdytet\u00e4\u00e4n KnowNow-hyvintointiavaimen pedagogisiin perusteisiin, mittareihin ja mobiilisovelluksen k\u00e4ytt\u00f6\u00f6n. Koulutus antaa hyv\u00e4t ev\u00e4\u00e4t soveltaa konseptia omassa koulussa. 3. Sertifiointi Kouluille, jotka toteuttavat KnowNow-ohjelmaa koko koululle my\u00f6nnet\u00e4\u00e4n KnowNow-hyvinvointisertifikaatti. [&hellip;]\" \/>\n<meta property=\"og:url\" content=\"https:\/\/knownow.fi\/en\/palvelukuvaus\/\" \/>\n<meta property=\"og:site_name\" content=\"KnowNow\" \/>\n<meta property=\"article:modified_time\" content=\"2019-07-01T08:07:57+00:00\" \/>\n<meta name=\"twitter:card\" content=\"summary_large_image\" \/>\n<meta name=\"twitter:label1\" content=\"Estimated reading time\" \/>\n\t<meta name=\"twitter:data1\" content=\"1 minute\" \/>\n<script type=\"application\/ld+json\" class=\"yoast-schema-graph\">{\"@context\":\"https:\/\/schema.org\",\"@graph\":[{\"@type\":\"WebPage\",\"@id\":\"https:\/\/knownow.fi\/palvelukuvaus\/\",\"url\":\"https:\/\/knownow.fi\/palvelukuvaus\/\",\"name\":\"Palvelukuvaus - KnowNow\",\"isPartOf\":{\"@id\":\"https:\/\/knownow.fi\/#website\"},\"datePublished\":\"2018-10-23T08:45:44+00:00\",\"dateModified\":\"2019-07-01T08:07:57+00:00\",\"breadcrumb\":{\"@id\":\"https:\/\/knownow.fi\/palvelukuvaus\/#breadcrumb\"},\"inLanguage\":\"en-GB\",\"potentialAction\":[{\"@type\":\"ReadAction\",\"target\":[\"https:\/\/knownow.fi\/palvelukuvaus\/\"]}]},{\"@type\":\"BreadcrumbList\",\"@id\":\"https:\/\/knownow.fi\/palvelukuvaus\/#breadcrumb\",\"itemListElement\":[{\"@type\":\"ListItem\",\"position\":1,\"name\":\"Etusivu\",\"item\":\"https:\/\/knownow.fi\/\"},{\"@type\":\"ListItem\",\"position\":2,\"name\":\"Palvelukuvaus\"}]},{\"@type\":\"WebSite\",\"@id\":\"https:\/\/knownow.fi\/#website\",\"url\":\"https:\/\/knownow.fi\/\",\"name\":\"KnowNow\",\"description\":\"KnowNow-hyvinvointipalvelu - hyvinvoinnin koulutusta, mittausta, valmennusta\",\"potentialAction\":[{\"@type\":\"SearchAction\",\"target\":{\"@type\":\"EntryPoint\",\"urlTemplate\":\"https:\/\/knownow.fi\/?s={search_term_string}\"},\"query-input\":\"required name=search_term_string\"}],\"inLanguage\":\"en-GB\"}]}<\/script>\n<!-- \/ Yoast SEO plugin. -->","yoast_head_json":{"title":"Palvelukuvaus - KnowNow","robots":{"index":"index","follow":"follow","max-snippet":"max-snippet:-1","max-image-preview":"max-image-preview:large","max-video-preview":"max-video-preview:-1"},"canonical":"https:\/\/knownow.fi\/en\/palvelukuvaus\/","og_locale":"en_GB","og_type":"article","og_title":"Palvelukuvaus - KnowNow","og_description":"1. Koulutus Koulusta yksi tai useampi opettaja tai henkil\u00f6kuntaan kuuluva suorittaa KnowNow-koulutuksen, josta h\u00e4nelle my\u00f6nnet\u00e4\u00e4n KnowNow-lisenssi. Koulutus kest\u00e4\u00e4 yksi &#8211; kaksi p\u00e4iv\u00e4\u00e4. 2. Yhteyshenkil\u00f6 Koulusta valittu tai valitut KnowNow-yhteyshenkil\u00f6t perehdytet\u00e4\u00e4n KnowNow-hyvintointiavaimen pedagogisiin perusteisiin, mittareihin ja mobiilisovelluksen k\u00e4ytt\u00f6\u00f6n. Koulutus antaa hyv\u00e4t ev\u00e4\u00e4t soveltaa konseptia omassa koulussa. 3. Sertifiointi Kouluille, jotka toteuttavat KnowNow-ohjelmaa koko koululle my\u00f6nnet\u00e4\u00e4n KnowNow-hyvinvointisertifikaatti. [&hellip;]","og_url":"https:\/\/knownow.fi\/en\/palvelukuvaus\/","og_site_name":"KnowNow","article_modified_time":"2019-07-01T08:07:57+00:00","twitter_card":"summary_large_image","twitter_misc":{"Estimated reading time":"1 minute"},"schema":{"@context":"https:\/\/schema.org","@graph":[{"@type":"WebPage","@id":"https:\/\/knownow.fi\/palvelukuvaus\/","url":"https:\/\/knownow.fi\/palvelukuvaus\/","name":"Palvelukuvaus - KnowNow","isPartOf":{"@id":"https:\/\/knownow.fi\/#website"},"datePublished":"2018-10-23T08:45:44+00:00","dateModified":"2019-07-01T08:07:57+00:00","breadcrumb":{"@id":"https:\/\/knownow.fi\/palvelukuvaus\/#breadcrumb"},"inLanguage":"en-GB","potentialAction":[{"@type":"ReadAction","target":["https:\/\/knownow.fi\/palvelukuvaus\/"]}]},{"@type":"BreadcrumbList","@id":"https:\/\/knownow.fi\/palvelukuvaus\/#breadcrumb","itemListElement":[{"@type":"ListItem","position":1,"name":"Etusivu","item":"https:\/\/knownow.fi\/"},{"@type":"ListItem","position":2,"name":"Palvelukuvaus"}]},{"@type":"WebSite","@id":"https:\/\/knownow.fi\/#website","url":"https:\/\/knownow.fi\/","name":"KnowNow","description":"KnowNow-hyvinvointipalvelu - hyvinvoinnin koulutusta, mittausta, valmennusta","potentialAction":[{"@type":"SearchAction","target":{"@type":"EntryPoint","urlTemplate":"https:\/\/knownow.fi\/?s={search_term_string}"},"query-input":"required name=search_term_string"}],"inLanguage":"en-GB"}]}},"_links":{"self":[{"href":"https:\/\/knownow.fi\/en\/wp-json\/wp\/v2\/pages\/137"}],"collection":[{"href":"https:\/\/knownow.fi\/en\/wp-json\/wp\/v2\/pages"}],"about":[{"href":"https:\/\/knownow.fi\/en\/wp-json\/wp\/v2\/types\/page"}],"author":[{"embeddable":true,"href":"https:\/\/knownow.fi\/en\/wp-json\/wp\/v2\/users\/2"}],"replies":[{"embeddable":true,"href":"https:\/\/knownow.fi\/en\/wp-json\/wp\/v2\/comments?post=137"}],"version-history":[{"count":5,"href":"https:\/\/knownow.fi\/en\/wp-json\/wp\/v2\/pages\/137\/revisions"}],"predecessor-version":[{"id":531,"href":"https:\/\/knownow.fi\/en\/wp-json\/wp\/v2\/pages\/137\/revisions\/531"}],"wp:attachment":[{"href":"https:\/\/knownow.fi\/en\/wp-json\/wp\/v2\/media?parent=137"}],"curies":[{"name":"wp","href":"https:\/\/api.w.org\/{rel}","templated":true}]}}