{"id":257,"date":"2018-11-09T07:43:40","date_gmt":"2018-11-09T05:43:40","guid":{"rendered":"http:\/\/knownow.fi\/?page_id=257"},"modified":"2019-06-28T12:38:09","modified_gmt":"2019-06-28T09:38:09","slug":"oikeudelliset-tiedot","status":"publish","type":"page","link":"http:\/\/knownow.fi\/en\/oikeudelliset-tiedot\/","title":{"rendered":"Legal Information"},"content":{"rendered":"<p>Thank you for visiting this website and showing interest in the KnowNow-solutions provided by Knowoy Ltd. Please, note the following legal information.<\/p>\n<h2>Data Privacy<\/h2>\n<p>Knowoy Ltd. is committed to the privacy and security of your data. The data entrusted to us is handled reliably and carefully. All data handling is conducted in compliance with local laws and regulations. Our data protection clause (GDPR) states explicitly the information collected, handled, and stored, and the purposes thereof.\u00a0<\/p>\n<h2>Copyright Information<\/h2>\n<p>\u00a9 Copyright Knowoy Ltd. All Rights Reserved. All the texts, images, graphics, video and audio contents, and other works, as well as their layout on this webpage, are protected by copyright laws and other pertinent protection laws.\u00a0\u00a0<\/p>\n<p>Copying the content of this webpage for any commercial purposes and distributing, altering, or handing over any of the content to third parties is strictly prohibited without prior written consent from Knowoy Ltd. The images on this webpage are partly subject to third party copyright laws.<\/p>\n<h2>Trademark Rights<\/h2>\n<p>Unless stated otherwise, all trademarks on this webpage are subject to trademark laws of Knowoy Ltd. This applies especially to brands, logos, and labels.\u00a0<\/p>\n<h2>Licenses<\/h2>\n<p>Knowoy Ltd. aspires to offer users an innovative and informative webpage. The immaterial properties on the webpage are protected. This webpage has no license granted from Knowoy Ltd. or any third parties for using the immaterial properties unless explicitly stated otherwise.<\/p>\n<h2>Limited liability<\/h2>\n<p>The contents of the KnowNow-webpage is created and updated as thoroughly as possible. While every effort is made to ensure that the information contained on our webpage is accurate and up-to-date, the complete correctness and comprehensiveness of the information cannot be guaranteed. We accept no liability whatsoever of any damage resulting from either direct or indirect use of this webpage to the extent permitted by law.<\/p>\n<p>In the case this webpage contains any links or references to the webpages of third parties will Knowoy Ltd. accept no liability for their technical functionality (especially of them being virus-free) or their respective content.\u00a0<\/p>","protected":false},"excerpt":{"rendered":"<p>Kiitos, ett\u00e4 vierailet t\u00e4ll\u00e4 verkkosivustolla ja osoitat kiinnostusta KnowNow-ratkaisuja ja Knowoy-yrityst\u00e4 kohtaan. Huomioithan seuraavat oikeudelliset tiedot. Tietosuoja Henkil\u00f6kohtaisten tietojesi turvallisuus on eritt\u00e4in t\u00e4rke\u00e4\u00e4 Knowoy-yhti\u00f6lle. K\u00e4sittelemme meille uskottuja tietoja eritt\u00e4in huolellisesti ja luotettavasti, ja noudatamme k\u00e4sittelyss\u00e4 lains\u00e4\u00e4d\u00e4nn\u00f6llisi\u00e4 m\u00e4\u00e4r\u00e4yksi\u00e4. Tietosuojalausekkeessamme ilmoitamme selv\u00e4sti, mit\u00e4 tietoja ker\u00e4\u00e4mme, k\u00e4sittelemme ja tallennamme, ja mihin tarkoitukseen. Tekij\u00e4noikeudet \u00a9 Copyright Knowoy Oy. Kaikki [&hellip;]<\/p>\n","protected":false},"author":2,"featured_media":0,"parent":0,"menu_order":0,"comment_status":"closed","ping_status":"closed","template":"page-narrow-content.php","meta":[],"acf":[],"yoast_head":"<!-- This site is optimized with the Yoast SEO plugin v20.4 - https:\/\/yoast.com\/wordpress\/plugins\/seo\/ -->\n<title>Oikeudelliset tiedot - KnowNow<\/title>\n<meta name=\"robots\" content=\"index, follow, max-snippet:-1, max-image-preview:large, max-video-preview:-1\" \/>\n<link rel=\"canonical\" href=\"https:\/\/knownow.fi\/en\/oikeudelliset-tiedot\/\" \/>\n<meta property=\"og:locale\" content=\"en_GB\" \/>\n<meta property=\"og:type\" content=\"article\" \/>\n<meta property=\"og:title\" content=\"Oikeudelliset tiedot - KnowNow\" \/>\n<meta property=\"og:description\" content=\"Kiitos, ett\u00e4 vierailet t\u00e4ll\u00e4 verkkosivustolla ja osoitat kiinnostusta KnowNow-ratkaisuja ja Knowoy-yrityst\u00e4 kohtaan. Huomioithan seuraavat oikeudelliset tiedot. Tietosuoja Henkil\u00f6kohtaisten tietojesi turvallisuus on eritt\u00e4in t\u00e4rke\u00e4\u00e4 Knowoy-yhti\u00f6lle. K\u00e4sittelemme meille uskottuja tietoja eritt\u00e4in huolellisesti ja luotettavasti, ja noudatamme k\u00e4sittelyss\u00e4 lains\u00e4\u00e4d\u00e4nn\u00f6llisi\u00e4 m\u00e4\u00e4r\u00e4yksi\u00e4. Tietosuojalausekkeessamme ilmoitamme selv\u00e4sti, mit\u00e4 tietoja ker\u00e4\u00e4mme, k\u00e4sittelemme ja tallennamme, ja mihin tarkoitukseen. Tekij\u00e4noikeudet \u00a9 Copyright Knowoy Oy. Kaikki [&hellip;]\" \/>\n<meta property=\"og:url\" content=\"https:\/\/knownow.fi\/en\/oikeudelliset-tiedot\/\" \/>\n<meta property=\"og:site_name\" content=\"KnowNow\" \/>\n<meta property=\"article:modified_time\" content=\"2019-06-28T09:38:09+00:00\" \/>\n<meta name=\"twitter:card\" content=\"summary_large_image\" \/>\n<meta name=\"twitter:label1\" content=\"Estimated reading time\" \/>\n\t<meta name=\"twitter:data1\" content=\"1 minute\" \/>\n<script type=\"application\/ld+json\" class=\"yoast-schema-graph\">{\"@context\":\"https:\/\/schema.org\",\"@graph\":[{\"@type\":\"WebPage\",\"@id\":\"https:\/\/knownow.fi\/oikeudelliset-tiedot\/\",\"url\":\"https:\/\/knownow.fi\/oikeudelliset-tiedot\/\",\"name\":\"Oikeudelliset tiedot - KnowNow\",\"isPartOf\":{\"@id\":\"https:\/\/knownow.fi\/#website\"},\"datePublished\":\"2018-11-09T05:43:40+00:00\",\"dateModified\":\"2019-06-28T09:38:09+00:00\",\"breadcrumb\":{\"@id\":\"https:\/\/knownow.fi\/oikeudelliset-tiedot\/#breadcrumb\"},\"inLanguage\":\"en-GB\",\"potentialAction\":[{\"@type\":\"ReadAction\",\"target\":[\"https:\/\/knownow.fi\/oikeudelliset-tiedot\/\"]}]},{\"@type\":\"BreadcrumbList\",\"@id\":\"https:\/\/knownow.fi\/oikeudelliset-tiedot\/#breadcrumb\",\"itemListElement\":[{\"@type\":\"ListItem\",\"position\":1,\"name\":\"Etusivu\",\"item\":\"https:\/\/knownow.fi\/\"},{\"@type\":\"ListItem\",\"position\":2,\"name\":\"Oikeudelliset tiedot\"}]},{\"@type\":\"WebSite\",\"@id\":\"https:\/\/knownow.fi\/#website\",\"url\":\"https:\/\/knownow.fi\/\",\"name\":\"KnowNow\",\"description\":\"KnowNow-hyvinvointipalvelu - hyvinvoinnin koulutusta, mittausta, valmennusta\",\"potentialAction\":[{\"@type\":\"SearchAction\",\"target\":{\"@type\":\"EntryPoint\",\"urlTemplate\":\"https:\/\/knownow.fi\/?s={search_term_string}\"},\"query-input\":\"required name=search_term_string\"}],\"inLanguage\":\"en-GB\"}]}<\/script>\n<!-- \/ Yoast SEO plugin. -->","yoast_head_json":{"title":"Oikeudelliset tiedot - KnowNow","robots":{"index":"index","follow":"follow","max-snippet":"max-snippet:-1","max-image-preview":"max-image-preview:large","max-video-preview":"max-video-preview:-1"},"canonical":"https:\/\/knownow.fi\/en\/oikeudelliset-tiedot\/","og_locale":"en_GB","og_type":"article","og_title":"Oikeudelliset tiedot - KnowNow","og_description":"Kiitos, ett\u00e4 vierailet t\u00e4ll\u00e4 verkkosivustolla ja osoitat kiinnostusta KnowNow-ratkaisuja ja Knowoy-yrityst\u00e4 kohtaan. Huomioithan seuraavat oikeudelliset tiedot. Tietosuoja Henkil\u00f6kohtaisten tietojesi turvallisuus on eritt\u00e4in t\u00e4rke\u00e4\u00e4 Knowoy-yhti\u00f6lle. K\u00e4sittelemme meille uskottuja tietoja eritt\u00e4in huolellisesti ja luotettavasti, ja noudatamme k\u00e4sittelyss\u00e4 lains\u00e4\u00e4d\u00e4nn\u00f6llisi\u00e4 m\u00e4\u00e4r\u00e4yksi\u00e4. Tietosuojalausekkeessamme ilmoitamme selv\u00e4sti, mit\u00e4 tietoja ker\u00e4\u00e4mme, k\u00e4sittelemme ja tallennamme, ja mihin tarkoitukseen. Tekij\u00e4noikeudet \u00a9 Copyright Knowoy Oy. Kaikki [&hellip;]","og_url":"https:\/\/knownow.fi\/en\/oikeudelliset-tiedot\/","og_site_name":"KnowNow","article_modified_time":"2019-06-28T09:38:09+00:00","twitter_card":"summary_large_image","twitter_misc":{"Estimated reading time":"1 minute"},"schema":{"@context":"https:\/\/schema.org","@graph":[{"@type":"WebPage","@id":"https:\/\/knownow.fi\/oikeudelliset-tiedot\/","url":"https:\/\/knownow.fi\/oikeudelliset-tiedot\/","name":"Oikeudelliset tiedot - KnowNow","isPartOf":{"@id":"https:\/\/knownow.fi\/#website"},"datePublished":"2018-11-09T05:43:40+00:00","dateModified":"2019-06-28T09:38:09+00:00","breadcrumb":{"@id":"https:\/\/knownow.fi\/oikeudelliset-tiedot\/#breadcrumb"},"inLanguage":"en-GB","potentialAction":[{"@type":"ReadAction","target":["https:\/\/knownow.fi\/oikeudelliset-tiedot\/"]}]},{"@type":"BreadcrumbList","@id":"https:\/\/knownow.fi\/oikeudelliset-tiedot\/#breadcrumb","itemListElement":[{"@type":"ListItem","position":1,"name":"Etusivu","item":"https:\/\/knownow.fi\/"},{"@type":"ListItem","position":2,"name":"Oikeudelliset tiedot"}]},{"@type":"WebSite","@id":"https:\/\/knownow.fi\/#website","url":"https:\/\/knownow.fi\/","name":"KnowNow","description":"KnowNow-hyvinvointipalvelu - hyvinvoinnin koulutusta, mittausta, valmennusta","potentialAction":[{"@type":"SearchAction","target":{"@type":"EntryPoint","urlTemplate":"https:\/\/knownow.fi\/?s={search_term_string}"},"query-input":"required name=search_term_string"}],"inLanguage":"en-GB"}]}},"_links":{"self":[{"href":"http:\/\/knownow.fi\/en\/wp-json\/wp\/v2\/pages\/257"}],"collection":[{"href":"http:\/\/knownow.fi\/en\/wp-json\/wp\/v2\/pages"}],"about":[{"href":"http:\/\/knownow.fi\/en\/wp-json\/wp\/v2\/types\/page"}],"author":[{"embeddable":true,"href":"http:\/\/knownow.fi\/en\/wp-json\/wp\/v2\/users\/2"}],"replies":[{"embeddable":true,"href":"http:\/\/knownow.fi\/en\/wp-json\/wp\/v2\/comments?post=257"}],"version-history":[{"count":5,"href":"http:\/\/knownow.fi\/en\/wp-json\/wp\/v2\/pages\/257\/revisions"}],"predecessor-version":[{"id":466,"href":"http:\/\/knownow.fi\/en\/wp-json\/wp\/v2\/pages\/257\/revisions\/466"}],"wp:attachment":[{"href":"http:\/\/knownow.fi\/en\/wp-json\/wp\/v2\/media?parent=257"}],"curies":[{"name":"wp","href":"https:\/\/api.w.org\/{rel}","templated":true}]}}